{"id":53776,"date":"2019-09-25T11:00:35","date_gmt":"2019-09-25T09:00:35","guid":{"rendered":"http:\/\/albatech.publicvm.com\/montlingua\/montlinwp\/?page_id=53776"},"modified":"2019-10-14T09:10:45","modified_gmt":"2019-10-14T07:10:45","slug":"serveis","status":"publish","type":"page","link":"https:\/\/www.montlingua.com\/index.php\/serveis\/","title":{"rendered":"Els nostres serveis"},"content":{"rendered":"<p>[vc_row][vc_column width=&#8221;2\/6&#8243; css=&#8221;.vc_custom_1569491045333{margin-right: 30px !important;}&#8221;][vc_icon type=&#8221;entypo&#8221; icon_entypo=&#8221;entypo-icon entypo-icon-book&#8221; color=&#8221;custom&#8221; background_style=&#8221;rounded-outline&#8221; background_color=&#8221;custom&#8221; align=&#8221;center&#8221; custom_color=&#8221;#e52420&#8243; custom_background_color=&#8221;#e52420&#8243;][vc_column_text]<\/p>\n<h3 class=\"western\" style=\"text-align: center;\" align=\"JUSTIFY\"><span style=\"font-size: medium;\">Classes d&#8217;angl\u00e8s<\/span><\/h3>\n<p class=\"western\" style=\"text-align: center;\" align=\"JUSTIFY\"><span style=\"font-size: medium;\">Classes d\u2019angl\u00e8s per a infants, prim\u00e0ria,<br \/>\nsecund\u00e0ria i adults<\/span><\/p>\n<p>[\/vc_column_text][vc_empty_space height=&#8221;20px&#8221;][\/vc_column][vc_column width=&#8221;4\/6&#8243;]<div class=\"standard-arrow list-divider bullet-top\"><ul>\n<li class=\"western\">\n<h4><span style=\"font-size: medium;\">Classes per a infants (P4-P5)<\/span><\/h4>\n<\/li>\n<\/ul>\n<p class=\"western\" align=\"JUSTIFY\"><span style=\"font-size: medium;\">Les classes per a infants s\u00f3n d\u20191 hora setmanal. Mitjan\u00e7ant jocs, contes, can\u00e7ons&#8230; els alumnes s\u2019acostumen a entendre les instruccions en angl\u00e8s i comencen a comunicar-se en aquest idioma. Les sessions s\u00f3n <strong>totalment en angl\u00e8s.<\/strong><\/span><\/p>\n<ul>\n<li class=\"western\">\n<h4><span style=\"font-size: medium;\">Classes de prim\u00e0ria, secund\u00e0ria i batxillerat<\/span><\/h4>\n<\/li>\n<\/ul>\n<p class=\"western\" align=\"JUSTIFY\"><span style=\"font-size: medium;\">Els alumnes s\u2019agrupen segons el seu nivell d\u2019angl\u00e8s; que no necess\u00e0riament ha de coincidir amb la seva edat. Seguim llibres per vertebrar els continguts del curs, si b\u00e9 ampliem aquests continguts amb fitxes, jocs, activitats orals i manualitats. Les sessions s\u00f3n <strong>totalment en angl\u00e8s.<\/strong><\/span><\/p>\n<ul>\n<li class=\"western\">\n<h4><span style=\"font-size: medium;\">Adults<\/span><\/h4>\n<\/li>\n<\/ul>\n<p class=\"western\" align=\"JUSTIFY\"><span style=\"font-size: medium;\">Els alumnes s\u2019agrupen segons el seu nivell d\u2019angl\u00e8s (prova inicial). Tamb\u00e9 podem formar grups redu\u00efts de 2-3 persones. Segons les necessitats, repassem i ampliem conceptes i preparem pels ex\u00e0mens oficials.<\/span><\/p>\n<ul>\n<li class=\"western\">\n<h4><span style=\"font-size: medium;\">Classes ONE TO ONE<\/span><\/h4>\n<\/li>\n<\/ul>\n<p class=\"western\" align=\"JUSTIFY\"><span style=\"font-size: medium;\">Classes particulars adaptades a les necessitats de cada client. <\/span><span style=\"font-size: medium;\">Horaris a convenir<\/span><\/p>\n<ul>\n<li class=\"western\">\n<h4><span style=\"font-size: medium;\">Classes de refor\u00e7 escolar<\/span><\/h4>\n<\/li>\n<\/ul>\n<p class=\"western\" align=\"JUSTIFY\"><span style=\"font-size: medium;\">Classes de 2-3 alumnes adaptades a les necessitats de cada client. <\/span><span style=\"font-size: medium;\">Horaris a convenir<\/span><\/p>\n<ul>\n<li class=\"western\">\n<h4><span style=\"font-size: medium;\">Preparaci\u00f3 per a ex\u00e0mens oficials<\/span><\/h4>\n<\/li>\n<\/ul>\n<p class=\"western\" align=\"JUSTIFY\"><span style=\"font-size: medium;\">A Montlingua us preparem pels ex\u00e0mes oficials: <\/span><\/p>\n<p style=\"padding-left: 40px;\">&#8211;\u00a0 Oxford English Test<\/p>\n<p style=\"padding-left: 40px;\">&#8211;\u00a0 Ex\u00e0mens de Cambridge (KET, PET, FCE, CAE)<\/p>\n<p style=\"padding-left: 40px;\">&#8211;\u00a0 TOEFL, IELTS, EOI<\/p>\n<p style=\"padding-left: 40px;\">&#8211;\u00a0 Ex\u00e0mens de la Generalitat.<\/p>\n<\/div>[\/vc_column][\/vc_row][vc_row][vc_column][vc_empty_space height=&#8221;50px&#8221;][vc_row_inner][vc_column_inner width=&#8221;1\/3&#8243;][vc_icon type=&#8221;entypo&#8221; icon_entypo=&#8221;entypo-icon entypo-icon-language&#8221; color=&#8221;custom&#8221; background_style=&#8221;rounded-outline&#8221; background_color=&#8221;custom&#8221; align=&#8221;center&#8221; custom_color=&#8221;#e52420&#8243; custom_background_color=&#8221;#e52420&#8243;][vc_column_text]<\/p>\n<h3 class=\"western\" style=\"text-align: center;\" align=\"JUSTIFY\"><span style=\"font-size: medium;\">Traducci\u00f3 i interpretaci\u00f3<\/span><\/h3>\n<p class=\"western\" style=\"text-align: center;\" align=\"JUSTIFY\"><span style=\"font-size: medium;\">Serveis de traducci\u00f3 de documents.<br \/>\nTraduccions jurades (angl\u00e8s &lt;-&gt; catal\u00e0)<\/span><\/p>\n<p>[\/vc_column_text][vc_empty_space][\/vc_column_inner][vc_column_inner width=&#8221;1\/3&#8243;][vc_icon type=&#8221;entypo&#8221; icon_entypo=&#8221;entypo-icon entypo-icon-briefcase&#8221; color=&#8221;custom&#8221; background_style=&#8221;rounded-outline&#8221; background_color=&#8221;custom&#8221; align=&#8221;center&#8221; custom_color=&#8221;#e52420&#8243; custom_background_color=&#8221;#e52420&#8243;][vc_column_text]<\/p>\n<h3 class=\"western\" style=\"text-align: center;\" align=\"JUSTIFY\"><span style=\"font-size: medium;\">Cursos per a empreses<\/span><\/h3>\n<p class=\"western\" style=\"text-align: center;\" align=\"JUSTIFY\"><span style=\"font-size: medium;\">Montlingua tamb\u00e9 ofereix cursos personalitzats a les necessitats de cada empresa. Ens desplacem a les pr\u00f2pies empreses o podem tamb\u00e9 crear grups redu\u00efts al nostre local. Ens adaptem a les necessitats dels clients en tant que a nivells, nombre d\u2019alumnes i horaris.<\/span><\/p>\n<p>[\/vc_column_text][vc_empty_space][\/vc_column_inner][vc_column_inner width=&#8221;1\/3&#8243;][vc_icon type=&#8221;entypo&#8221; icon_entypo=&#8221;entypo-icon entypo-icon-graduation-cap&#8221; color=&#8221;custom&#8221; background_style=&#8221;rounded-outline&#8221; background_color=&#8221;custom&#8221; align=&#8221;center&#8221; custom_color=&#8221;#e52420&#8243; custom_background_color=&#8221;#e52420&#8243;][vc_column_text]<\/p>\n<h3 class=\"western\" style=\"text-align: center;\" align=\"JUSTIFY\"><span style=\"font-size: medium;\">Activitats extraescolars<\/span><\/h3>\n<p class=\"western\" style=\"text-align: center;\" align=\"JUSTIFY\"><span style=\"font-size: medium;\">Montlingua ofereix la opci\u00f3 de fer extraescolars a les escoles de la comarca. Si esteu interessats en la nostra metodologia i el nostre equip docent, contacteu-nos!<\/span><\/p>\n<p>[\/vc_column_text][vc_empty_space][\/vc_column_inner][\/vc_row_inner][\/vc_column][\/vc_row]<\/p>\n","protected":false},"excerpt":{"rendered":"<p>[vc_row][vc_column width=&#8221;2\/6&#8243; css=&#8221;.vc_custom_1569491045333{margin-right: 30px !important;}&#8221;][vc_icon type=&#8221;entypo&#8221; icon_entypo=&#8221;entypo-icon entypo-icon-book&#8221; color=&#8221;custom&#8221; background_style=&#8221;rounded-outline&#8221; background_color=&#8221;custom&#8221; align=&#8221;center&#8221; custom_color=&#8221;#e52420&#8243; custom_background_color=&#8221;#e52420&#8243;][vc_column_text] Classes d&#8217;angl\u00e8s Classes d\u2019angl\u00e8s per a infants, prim\u00e0ria, secund\u00e0ria i adults [\/vc_column_text][vc_empty_space height=&#8221;20px&#8221;][\/vc_column][vc_column width=&#8221;4\/6&#8243;][\/vc_column][\/vc_row][vc_row][vc_column][vc_empty_space height=&#8221;50px&#8221;][vc_row_inner][vc_column_inner width=&#8221;1\/3&#8243;][vc_icon type=&#8221;entypo&#8221; icon_entypo=&#8221;entypo-icon entypo-icon-language&#8221; color=&#8221;custom&#8221; background_style=&#8221;rounded-outline&#8221; background_color=&#8221;custom&#8221; align=&#8221;center&#8221; custom_color=&#8221;#e52420&#8243; custom_background_color=&#8221;#e52420&#8243;][vc_column_text] Traducci\u00f3 i interpretaci\u00f3 Serveis de traducci\u00f3 de documents. Traduccions jurades (angl\u00e8s &lt;-&gt; catal\u00e0) [\/vc_column_text][vc_empty_space][\/vc_column_inner][vc_column_inner width=&#8221;1\/3&#8243;][vc_icon type=&#8221;entypo&#8221;&hellip;<\/p>\n","protected":false},"author":1,"featured_media":54029,"parent":0,"menu_order":0,"comment_status":"closed","ping_status":"closed","template":"","meta":[],"yoast_head":"<!-- This site is optimized with the Yoast SEO plugin v15.7 - https:\/\/yoast.com\/wordpress\/plugins\/seo\/ -->\n<title>Els nostres serveis - Montlingua<\/title>\n<meta name=\"description\" content=\"Classes d&#039;angl\u00e8s per a totes les edats. Serveis de traducci\u00f3, extraescolars i cursos per a empreses. A Sta Margarida de Montbui i comarca de l&#039;Anoia.\" \/>\n<meta name=\"robots\" content=\"index, follow, max-snippet:-1, max-image-preview:large, max-video-preview:-1\" \/>\n<link rel=\"canonical\" href=\"https:\/\/www.montlingua.com\/index.php\/serveis\/\" \/>\n<meta property=\"og:locale\" content=\"ca_ES\" \/>\n<meta property=\"og:type\" content=\"article\" \/>\n<meta property=\"og:title\" content=\"Els nostres serveis - Montlingua\" \/>\n<meta property=\"og:description\" content=\"Classes d&#039;angl\u00e8s per a totes les edats. Serveis de traducci\u00f3, extraescolars i cursos per a empreses. A Sta Margarida de Montbui i comarca de l&#039;Anoia.\" \/>\n<meta property=\"og:url\" content=\"https:\/\/www.montlingua.com\/index.php\/serveis\/\" \/>\n<meta property=\"og:site_name\" content=\"Montlingua\" \/>\n<meta property=\"article:publisher\" content=\"https:\/\/www.facebook.com\/montlingua\" \/>\n<meta property=\"article:modified_time\" content=\"2019-10-14T07:10:45+00:00\" \/>\n<meta property=\"og:image\" content=\"https:\/\/www.montlingua.com\/wp-content\/uploads\/2019\/10\/comtreballem-1.jpg\" \/>\n\t<meta property=\"og:image:width\" content=\"640\" \/>\n\t<meta property=\"og:image:height\" content=\"483\" \/>\n<meta name=\"twitter:card\" content=\"summary_large_image\" \/>\n<meta name=\"twitter:label1\" content=\"Temps estimat de lectura\">\n\t<meta name=\"twitter:data1\" content=\"3 minuts\">\n<script type=\"application\/ld+json\" class=\"yoast-schema-graph\">{\"@context\":\"https:\/\/schema.org\",\"@graph\":[{\"@type\":\"WebSite\",\"@id\":\"https:\/\/www.montlingua.com\/#website\",\"url\":\"https:\/\/www.montlingua.com\/\",\"name\":\"Montlingua\",\"description\":\"Una acad\\u00e8mia d&#039;angl\\u00e8s propera i de confian\\u00e7a\",\"potentialAction\":[{\"@type\":\"SearchAction\",\"target\":\"https:\/\/www.montlingua.com\/?s={search_term_string}\",\"query-input\":\"required name=search_term_string\"}],\"inLanguage\":\"ca\"},{\"@type\":\"ImageObject\",\"@id\":\"https:\/\/www.montlingua.com\/index.php\/serveis\/#primaryimage\",\"inLanguage\":\"ca\",\"url\":\"https:\/\/www.montlingua.com\/wp-content\/uploads\/2019\/10\/comtreballem-1.jpg\",\"width\":640,\"height\":483},{\"@type\":\"WebPage\",\"@id\":\"https:\/\/www.montlingua.com\/index.php\/serveis\/#webpage\",\"url\":\"https:\/\/www.montlingua.com\/index.php\/serveis\/\",\"name\":\"Els nostres serveis - Montlingua\",\"isPartOf\":{\"@id\":\"https:\/\/www.montlingua.com\/#website\"},\"primaryImageOfPage\":{\"@id\":\"https:\/\/www.montlingua.com\/index.php\/serveis\/#primaryimage\"},\"datePublished\":\"2019-09-25T09:00:35+00:00\",\"dateModified\":\"2019-10-14T07:10:45+00:00\",\"description\":\"Classes d'angl\\u00e8s per a totes les edats. Serveis de traducci\\u00f3, extraescolars i cursos per a empreses. A Sta Margarida de Montbui i comarca de l'Anoia.\",\"inLanguage\":\"ca\",\"potentialAction\":[{\"@type\":\"ReadAction\",\"target\":[\"https:\/\/www.montlingua.com\/index.php\/serveis\/\"]}]}]}<\/script>\n<!-- \/ Yoast SEO plugin. -->","_links":{"self":[{"href":"https:\/\/www.montlingua.com\/index.php\/wp-json\/wp\/v2\/pages\/53776"}],"collection":[{"href":"https:\/\/www.montlingua.com\/index.php\/wp-json\/wp\/v2\/pages"}],"about":[{"href":"https:\/\/www.montlingua.com\/index.php\/wp-json\/wp\/v2\/types\/page"}],"author":[{"embeddable":true,"href":"https:\/\/www.montlingua.com\/index.php\/wp-json\/wp\/v2\/users\/1"}],"replies":[{"embeddable":true,"href":"https:\/\/www.montlingua.com\/index.php\/wp-json\/wp\/v2\/comments?post=53776"}],"version-history":[{"count":30,"href":"https:\/\/www.montlingua.com\/index.php\/wp-json\/wp\/v2\/pages\/53776\/revisions"}],"predecessor-version":[{"id":54058,"href":"https:\/\/www.montlingua.com\/index.php\/wp-json\/wp\/v2\/pages\/53776\/revisions\/54058"}],"wp:featuredmedia":[{"embeddable":true,"href":"https:\/\/www.montlingua.com\/index.php\/wp-json\/wp\/v2\/media\/54029"}],"wp:attachment":[{"href":"https:\/\/www.montlingua.com\/index.php\/wp-json\/wp\/v2\/media?parent=53776"}],"curies":[{"name":"wp","href":"https:\/\/api.w.org\/{rel}","templated":true}]}}